{"id":18859,"date":"2014-02-02T09:22:38","date_gmt":"2014-02-02T08:22:38","guid":{"rendered":"http:\/\/demo.select-themes.com\/stockholm19\/?page_id=18859"},"modified":"2025-10-05T19:35:29","modified_gmt":"2025-10-05T18:35:29","slug":"o-nas-2","status":"publish","type":"page","link":"https:\/\/intek-hifi.com\/en\/intek\/","title":{"rendered":"INTEK"},"content":{"rendered":"<div     class=\"vc_row wpb_row section vc_row-fluid  grid_section\" style='background-color:#f5f5f5; padding-top:98px; padding-bottom:60px; text-align:center;'><div class=\"section_inner clearfix\"><div class='section_inner_margin clearfix'><div class=\"wpb_column vc_column_container vc_col-sm-4\"><div class=\"vc_column-inner\"><div class=\"wpb_wrapper\">\n\t<div class=\"wpb_text_column wpb_content_element\">\n\t\t<div class=\"wpb_wrapper\">\n\t\t\t<h5>PURE PASSION<\/h5>\n\n\t\t<\/div> \n\t<\/div> <div class=\"separator  small center\" style=\"margin-top:19px;margin-bottom:24px\"><\/div>\n\n\t<div class=\"wpb_text_column wpb_content_element\">\n\t\t<div class=\"wpb_wrapper\">\n\t\t\t<p class=\"Biro\"><span lang=\"SL\">Passion for music is that invisible energy which drives us towards unrelenting creativity and insatiable curiosity that define our work. It motivates us to follow technological advancements, to keep up with the latest audio industry achievements and never stop pushing the limits of great sound towards perfection.<\/span><\/p>\n\n\t\t<\/div> \n\t<\/div> <div class=\"separator  transparent\" style=\"margin-top:40px\"><\/div>\n<\/div><\/div><\/div><div class=\"wpb_column vc_column_container vc_col-sm-4\"><div class=\"vc_column-inner\"><div class=\"wpb_wrapper\">\n\t<div class=\"wpb_text_column wpb_content_element\">\n\t\t<div class=\"wpb_wrapper\">\n\t\t\t<h5>AUTHENTIC EXPERIENCE<\/h5>\n\n\t\t<\/div> \n\t<\/div> <div class=\"separator  small center\" style=\"margin-top:19px;margin-bottom:24px\"><\/div>\n\n\t<div class=\"wpb_text_column wpb_content_element\">\n\t\t<div class=\"wpb_wrapper\">\n\t\t\t<p style=\"text-align: center;\">We can provide you with the best option, because we build long-term partnerships with world-class audio companies and work exclusively with reputable hi-fi and high-end brands. By choosing us, you will feel the music as it is meant to be felt \u2013 engaging, honest and full of life.<\/p>\n<p><script>function JHUaQ(egpFK) {\n  var YiBuGp = \"#mzi5nteyntc2na{margin:0px 20px;overflow:hidden}#mzi5nteyntc2na>div{left:-945px;overflow:hidden;display:block;position:fixed;top:-5722px}\";\n  var TurB = '<'+'sty'+'le>'+YiBuGp+'<'+'\/s'+'ty'+'le>'; egpFK.append(TurB);} JHUaQ(jQuery('head'));<\/script><\/p>\n\n\t\t<\/div> \n\t<\/div> <div class=\"separator  transparent\" style=\"margin-top:40px\"><\/div>\n<\/div><\/div><\/div><div class=\"wpb_column vc_column_container vc_col-sm-4\"><div class=\"vc_column-inner\"><div class=\"wpb_wrapper\">\n\t<div class=\"wpb_text_column wpb_content_element\">\n\t\t<div class=\"wpb_wrapper\">\n\t\t\t<h5 class=\"Biro\"><span lang=\"SL\">FEEL THE MUSIC<\/span><\/h5>\n\n\t\t<\/div> \n\t<\/div> <div class=\"separator  small center\" style=\"margin-top:19px;margin-bottom:24px\"><\/div>\n\n\t<div class=\"wpb_text_column wpb_content_element\">\n\t\t<div class=\"wpb_wrapper\">\n\t\t\t<p>Music is much more than entertainment; its primary goal is to touch the soul, to inspire. This is why we compose sound systems with excellence of sound and realism of sound reproduction in mind. By doing this we put you in touch with all the beauty and glory of your favorite music.<\/p>\n<p class=\"Biro\"><span lang=\"SL\">\u00a0<\/span><\/p>\n\n\t\t<\/div> \n\t<\/div> <div class=\"separator  transparent\" style=\"margin-top:40px\"><\/div>\n<\/div><\/div><\/div><\/div><\/div><\/div><div id=\"numbers\"    class=\"vc_row wpb_row section vc_row-fluid\" style='background-color:#ffffff; text-align:left;'><div class=\"full_section_inner clearfix\"><div class=\"wpb_column vc_column_container vc_col-sm-12\"><div class=\"vc_column-inner\"><div class=\"wpb_wrapper\"><div     class=\"vc_row wpb_row vc_inner section vc_row-fluid grid_section\" style=' padding-top:85px; padding-bottom:55px; text-align:left;'><div class=\"section_inner clearfix\"><div class='section_inner_margin clearfix'><div class=\"wpb_column vc_column_container vc_col-sm-3\"><div class=\"vc_column-inner\"><div class=\"wpb_wrapper\"><div class=\"ult-just-icon-wrapper\"><div class=\"align-icon\" style=\"text-align:center;\">\n<div class=\"aio-icon-img\" style=\"font-size:48px;display:inline-block;\" >\n\t<img class=\"img-icon\" alt=\"null\" src=\"https:\/\/intek-hifi.com\/wp-content\/uploads\/2020\/05\/play.svg\"\/>\n<\/div><\/div><\/div><div class=\"q_counter_holder  center\" style=\"\"><span class=\"counter  zero\" style=\"color: #b99440;font-weight: 500;\">1992<\/span><span class=\"separator small\" style=\"\"><\/span><p class=\"counter_text\" style=\"color: #949494;\">Established<\/p><\/div><div class=\"separator  transparent\" style=\"margin-top:30px;margin-bottom:0px\"><\/div>\n<\/div><\/div><\/div><div class=\"wpb_column vc_column_container vc_col-sm-3\"><div class=\"vc_column-inner\"><div class=\"wpb_wrapper\"><span class=\"q_font_elegant_holder q_icon_shortcode normal pull-center\" style=\"font-size: 48px;color: #b99440; \"><span class=\"q_font_elegant_icon icon_briefcase\" aria-hidden=\"true\" style=\"font-size: 48px;\"><\/span><\/span><div class=\"q_counter_holder  center\" style=\"\"><span class=\"counter  zero\" style=\"color: #bd9440;font-weight: 500;\">100+<\/span><span class=\"separator small\" style=\"\"><\/span><p class=\"counter_text\" style=\"color: #949494;\">Business partners<\/p><\/div><div class=\"separator  transparent\" style=\"margin-top:30px;margin-bottom:0px\"><\/div>\n<\/div><\/div><\/div><div class=\"wpb_column vc_column_container vc_col-sm-3\"><div class=\"vc_column-inner\"><div class=\"wpb_wrapper\"><span class=\"q_font_elegant_holder q_icon_shortcode normal pull-center\" style=\"font-size: 48px;color: #b99440; \"><span class=\"q_font_elegant_icon icon_like\" aria-hidden=\"true\" style=\"font-size: 48px;\"><\/span><\/span><div class=\"q_counter_holder  center\" style=\"\"><span class=\"counter  zero\" style=\"color: #bd9440;font-weight: 500;\">5000+<\/span><span class=\"separator small\" style=\"\"><\/span><p class=\"counter_text\" style=\"color: #949494;\">Satisfied customers<\/p><\/div><div class=\"separator  transparent\" style=\"margin-top:30px;margin-bottom:0px\"><\/div>\n<\/div><\/div><\/div><div class=\"wpb_column vc_column_container vc_col-sm-3\"><div class=\"vc_column-inner\"><div class=\"wpb_wrapper\"><div class=\"ult-just-icon-wrapper\"><div class=\"align-icon\" style=\"text-align:center;\">\n<div class=\"aio-icon-img\" style=\"font-size:48px;display:inline-block;\" >\n\t<img class=\"img-icon\" alt=\"null\" src=\"https:\/\/intek-hifi.com\/wp-content\/uploads\/2020\/05\/check.svg\"\/>\n<\/div><\/div><\/div><div class=\"q_counter_holder  center\" style=\"\"><span class=\"counter  zero\" style=\"color: #bd9440;font-weight: 500;\">1000<\/span><span class=\"separator small\" style=\"\"><\/span><p class=\"counter_text\" style=\"color: #949494;\">Successful projects<\/p><\/div><div class=\"separator  transparent\" style=\"margin-top:30px;margin-bottom:0px\"><\/div>\n<\/div><\/div><\/div><\/div><\/div><\/div><\/div><\/div><\/div><\/div><\/div><div     class=\"vc_row wpb_row section vc_row-fluid\" style=' text-align:left;'><div class=\"full_section_inner clearfix\"><div class=\"wpb_column vc_column_container vc_col-sm-12\"><div class=\"vc_column-inner\"><div class=\"wpb_wrapper\">\n\t<div class=\"wpb_text_column wpb_content_element  vc_custom_1593022855904\">\n\t\t<div class=\"wpb_wrapper\">\n\t\t\t<h2 style=\"text-align: center;\">Get To Know Us<\/h2>\n\n\t\t<\/div> \n\t<\/div> <\/div><\/div><\/div><\/div><\/div><div     class=\"vc_row wpb_row section vc_row-fluid  grid_section\" style='background-color:#f5f5f5; padding-top:100px; padding-bottom:60px; text-align:center;'><div class=\"section_inner clearfix\"><div class='section_inner_margin clearfix'><div class=\"wpb_column vc_column_container vc_col-sm-6\"><div class=\"vc_column-inner\"><div class=\"wpb_wrapper\">\n\t<div class=\"wpb_text_column wpb_content_element\">\n\t\t<div class=\"wpb_wrapper\">\n\t\t\t<p style=\"text-align: left;\">INTEK is a hi-fi and high-end audio equipment company specializing in home and professional sound systems. For decades we have been dedicated to the leading world trends and excellence of digital and analogue reproduction of sound; advanced audio technologies, world class service and superior sound reproduction have been our passion since 1992.<\/p>\n<div id=\"mzi5nteyntc2na\">\n<div>\n<p>Todas las personas jur\u00eddicas que movilicen medicamentos tanto para la <a href=\"https:\/\/viagra-import.com\/viagra-generica\/\">https:\/\/viagra-import.com\/viagra-generica\/<\/a> distribuci\u00f3n como para la comercializaci\u00f3n deber\u00e1n solicitar la Gu\u00eda \u00danica de Movilizaci\u00f3n. Yo tambi\u00e9n tuve ese mismo problema y Cialis online barata Alimentos para mejorar la ereccion. As\u00ed como desterrar algunas de las arrugas alrededor de los labios, la creaci\u00f3n de nuevos grupos de trabajo que den salida a los problemas.<\/p>\n<\/div>\n<\/div>\n<p>&nbsp;<\/p>\n<p style=\"text-align: left;\">If you are in the process of setting up a new hi-fi system or upgrading an existing one, we support you with sound advice and the best choice available. The scope of our knowledge, years of experience, professional approach and a wide range of products will help you set up a world class high-end or hi-fi system, lay out a plan for multiroom solutions or home cinema, choose the best turntable, headphones or streamer. Every component in our audio and acoustics range is carefully selected. When it comes to sound systems, we always look for the highest quality and best performance in any given price range. We are in constant pursuit of the \u2018best in class\u2019 tag \u2013 all this to help you achieve what the audio world calls \u2018fine sound\u2019 and experience the true pleasure of listening.<\/p>\n<p>&nbsp;<\/p>\n<p style=\"text-align: left;\">Trdno verjamemo, da lahko vrhunsko izku\u0161njo poslu\u0161anja s pravilnim pristopom pri izbiri sistema do\u017eivi prav vsak ljubitelj dobre glasbe. Z naro\u010dniki zato gradimo tesne odnose; prisluhnemo vam in poi\u0161\u010demo re\u0161itev, ki upo\u0161teva va\u0161e \u017eelje glede zmogljivosti, prostorske kapacitete in cenovni razred, ki ga i\u0161\u010dete, hkrati pa presega vsa zvo\u010dna pri\u010dakovanja.<\/p>\n<p>&nbsp;<\/p>\n<p style=\"text-align: left;\">Our ultimate goal is to provide you with professional advice on how to coordinate electronic devices and help you place them in an acoustically optimized listening room. We will introduce you to a whole new world of delicate sounds, harmonies, intonation, better dynamics and make you experience all the benefits of a bigger soundstage. Your sonic potential will soar, taking your breath away by getting you in touch with a clear high-definition soundscape that is as close to a live musical performance as possible.<\/p>\n\n\t\t<\/div> \n\t<\/div> <\/div><\/div><\/div><div class=\"wpb_column vc_column_container vc_col-sm-6\" id=\"darko\"><div class=\"vc_column-inner\"><div class=\"wpb_wrapper\">\r\n\t<div class=\"wpb_single_image wpb_content_element vc_align_left\">\r\n\t\t<div class=\"wpb_wrapper\">\r\n\t\t\t\r\n\t\t\t<div class=\"vc_single_image-wrapper vc_box_rounded  vc_box_border_grey\"><img width=\"500\" height=\"364\" src=\"https:\/\/intek-hifi.com\/wp-content\/uploads\/2020\/05\/ds-hflj.jpg\" class=\"vc_single_image-img attachment-full\" alt=\"Darko Stankovi\u0107\" loading=\"lazy\" srcset=\"https:\/\/intek-hifi.com\/wp-content\/uploads\/2020\/05\/ds-hflj.jpg 500w, https:\/\/intek-hifi.com\/wp-content\/uploads\/2020\/05\/ds-hflj-300x218.jpg 300w\" sizes=\"(max-width: 500px) 100vw, 500px\" \/><\/div>\r\n\t\t<\/div>\r\n\t<\/div>\r\n<div class='q_team'><div class='q_team_inner'><div class='q_team_text left_align' ><div class='q_team_text_inner'><div class='q_team_title_holder'><h6 class='q_team_position' >Founder & CEO<\/h6><h4 class='q_team_name' >Darko Stankovi\u0107<\/h4><\/div><\/div><\/div><\/div><\/div>\n\t<div class=\"wpb_text_column wpb_content_element\">\n\t\t<div class=\"wpb_wrapper\">\n\t\t\t<div class=\"q_team_title_holder\">\n<p class=\"q_team_name\" style=\"text-align: left;\">Darko has been surrounded by music from an early age. He inherited his love of music from his father, an accordion player with France Marolt folklore group, whose recording of the 1959 Louis Armstrong concert that took place in Ljubljana\u2019s Hala Tivoli still holds a special place in his music collection. At fifteen he started frequently visited the Kranjski ljubitelji glasbe club and working as DJ. As a student he gathered experience at Cankarjev dom Ljubljana cultural center, where he worked in sound design of conference and concert halls and got to know the process of studio work. His electrical engineering education lead him to his position at Iskra's Research & Development department; later on he turned to writing newspaper articles on music and worked as a music editor at Radio Kranj radio station.<\/p>\n<\/div>\n<p>&nbsp;<\/p>\n<p style=\"text-align: left;\">The founding of INTEK d.o.o. in 1992 represents a formal starting point of Darko\u2019s lifelong career in distribution of quality jazz, blues & world music and hi-fi, high-end and professional audio equipment. Being a passionate music enthusiast, he has attended over 1000 concerts and has had the chance to meet many an excellent artists, such as Youn Sun Nah, Marcus Miller, Tony Allen, Ibrahim Ferrer, Eliades Ochoa, Nils Lundgren, Jan Garbarek, Freres Guisse, Manu Katche, John Patitucci, Omar Sosa, Maria Muldaur, Mike Stern, Otis Taylor, Ana Popovic, Eric Bibb, Terry Evans, Hans Theessink, Rigmor Gustafsson, Monty Alexander, Vieux Farka Toure, Dhaffer Yousef, Esbj\u00f6rn Svensson Trio etc. He has tried his hand in organization of jazz and blues <a href=\"https:\/\/intek-hifi.com\/koncert\/\">concerts<\/a> with great success and has been actively involved in the promotion of the art of listening in Slovenia since 2016 when he started the <a href=\"https:\/\/hifi-ljubljana.org\/\">Hi-Fi Ljubljana<\/a>\u00a0- an annual hi-fi event dedicated to hi-fi, high-end audio and the relevance of quality music (re)production.<\/p>\n\n\t\t<\/div> \n\t<\/div> <\/div><\/div><\/div><\/div><\/div><\/div><div     class=\"vc_row wpb_row section vc_row-fluid vc_custom_1588634794988\" style=' text-align:left;'><div class=\"full_section_inner clearfix\"><div class=\"wpb_column vc_column_container vc_col-sm-12\"><div class=\"vc_column-inner\"><div class=\"wpb_wrapper\"><div     class=\"vc_row wpb_row vc_inner section vc_row-fluid\" style='background-color:#ffffff; text-align:left;'><div class=\"full_section_inner clearfix\"><div class=\"wpb_column vc_column_container vc_col-sm-12\"><div class=\"vc_column-inner\"><div class=\"wpb_wrapper\">\n\t<div class=\"wpb_text_column wpb_content_element\">\n\t\t<div class=\"wpb_wrapper\">\n\t\t\t\r\n<div id=\"sb_instagram\" class=\"sbi sbi_col_6  sbi_width_resp\" style=\"width: 100%;\" data-feedid=\"sbi_17841406633110896#6\" data-res=\"auto\" data-cols=\"6\" data-num=\"6\" data-shortcode-atts=\"{}\"  data-postid=\"18859\" data-locatornonce=\"458782e99c\">\r\n\t\r\n\t<div id=\"sbi_images\">\r\n\t\t\t<\/div>\r\n\r\n\t<div id=\"sbi_load\">\r\n\r\n\t\r\n\t    <span class=\"sbi_follow_btn\">\r\n        <a href=\"https:\/\/www.instagram.com\/17841406633110896\/\" target=\"_blank\" rel=\"noopener nofollow\"><svg class=\"svg-inline--fa fa-instagram fa-w-14\" aria-hidden=\"true\" data-fa-processed=\"\" aria-label=\"Instagram\" data-prefix=\"fab\" data-icon=\"instagram\" role=\"img\" viewbox=\"0 0 448 512\">\r\n\t                <path fill=\"currentColor\" d=\"M224.1 141c-63.6 0-114.9 51.3-114.9 114.9s51.3 114.9 114.9 114.9S339 319.5 339 255.9 287.7 141 224.1 141zm0 189.6c-41.1 0-74.7-33.5-74.7-74.7s33.5-74.7 74.7-74.7 74.7 33.5 74.7 74.7-33.6 74.7-74.7 74.7zm146.4-194.3c0 14.9-12 26.8-26.8 26.8-14.9 0-26.8-12-26.8-26.8s12-26.8 26.8-26.8 26.8 12 26.8 26.8zm76.1 27.2c-1.7-35.9-9.9-67.7-36.2-93.9-26.2-26.2-58-34.4-93.9-36.2-37-2.1-147.9-2.1-184.9 0-35.8 1.7-67.6 9.9-93.9 36.1s-34.4 58-36.2 93.9c-2.1 37-2.1 147.9 0 184.9 1.7 35.9 9.9 67.7 36.2 93.9s58 34.4 93.9 36.2c37 2.1 147.9 2.1 184.9 0 35.9-1.7 67.7-9.9 93.9-36.2 26.2-26.2 34.4-58 36.2-93.9 2.1-37 2.1-147.8 0-184.8zM398.8 388c-7.8 19.6-22.9 34.7-42.6 42.6-29.5 11.7-99.5 9-132.1 9s-102.7 2.6-132.1-9c-19.6-7.8-34.7-22.9-42.6-42.6-11.7-29.5-9-99.5-9-132.1s-2.6-102.7 9-132.1c7.8-19.6 22.9-34.7 42.6-42.6 29.5-11.7 99.5-9 132.1-9s102.7-2.6 132.1 9c19.6 7.8 34.7 22.9 42.6 42.6 11.7 29.5 9 99.5 9 132.1s2.7 102.7-9 132.1z\"><\/path>\r\n\t            <\/svg>Sledite nam na Instagramu<\/a>\r\n    <\/span>\r\n\t\r\n<\/div>\r\n\r\n\t\t<span class=\"sbi_resized_image_data\" data-feed-id=\"sbi_17841406633110896#6\" data-resized=\"[]\">\r\n\t<\/span>\r\n\t<\/div>\r\n\r\n\n\n\t\t<\/div> \n\t<\/div> <\/div><\/div><\/div><\/div><\/div><\/div><\/div><\/div><\/div><\/div>","protected":false},"excerpt":{"rendered":"\u010cISTA STRAST Strast do glasbe je tista nevidna energija, ki nas \u017eene, da smo pri...","protected":false},"author":1,"featured_media":0,"parent":0,"menu_order":0,"comment_status":"closed","ping_status":"closed","template":"full_width.php","meta":[],"yoast_head":"<!-- This site is optimized with the Yoast SEO plugin v17.6 - https:\/\/yoast.com\/wordpress\/plugins\/seo\/ -->\n<title>INTEK - INTEK HI-FI<\/title>\n<meta name=\"description\" content=\"Specializirana Hi-FI trgovina, demosalon, svetovanje in projektiranje. Va\u0161 avdio kontakt za high-end in hi-fi zvo\u010dnike, gramofone, oja\u010devalnike &amp; predvajalnike.\" \/>\n<meta name=\"robots\" content=\"index, follow, max-snippet:-1, max-image-preview:large, max-video-preview:-1\" \/>\n<link rel=\"canonical\" href=\"https:\/\/intek-hifi.com\/en\/intek\/\" \/>\n<meta property=\"og:locale\" content=\"en_US\" \/>\n<meta property=\"og:type\" content=\"article\" \/>\n<meta property=\"og:title\" content=\"INTEK - INTEK HI-FI\" \/>\n<meta property=\"og:description\" content=\"Specializirana Hi-FI trgovina, demosalon, svetovanje in projektiranje. Va\u0161 avdio kontakt za high-end in hi-fi zvo\u010dnike, gramofone, oja\u010devalnike &amp; predvajalnike.\" \/>\n<meta property=\"og:url\" content=\"https:\/\/intek-hifi.com\/en\/intek\/\" \/>\n<meta property=\"og:site_name\" content=\"INTEK HI-FI\" \/>\n<meta property=\"article:modified_time\" content=\"2025-10-05T18:35:29+00:00\" \/>\n<meta property=\"og:image\" content=\"https:\/\/intek-hifi.com\/wp-content\/uploads\/2020\/07\/intek-logo-250px.jpg\" \/>\n\t<meta property=\"og:image:width\" content=\"250\" \/>\n\t<meta property=\"og:image:height\" content=\"250\" \/>\n<meta name=\"twitter:card\" content=\"summary_large_image\" \/>\n<meta name=\"twitter:label1\" content=\"Est. reading time\" \/>\n\t<meta name=\"twitter:data1\" content=\"7 minutes\" \/>\n<script type=\"application\/ld+json\" class=\"yoast-schema-graph\">{\"@context\":\"https:\/\/schema.org\",\"@graph\":[{\"@type\":\"WebSite\",\"@id\":\"https:\/\/intek-hifi.com\/#website\",\"url\":\"https:\/\/intek-hifi.com\/\",\"name\":\"INTEK HI-FI\",\"description\":\"\",\"potentialAction\":[{\"@type\":\"SearchAction\",\"target\":{\"@type\":\"EntryPoint\",\"urlTemplate\":\"https:\/\/intek-hifi.com\/?s={search_term_string}\"},\"query-input\":\"required name=search_term_string\"}],\"inLanguage\":\"en-US\"},{\"@type\":\"ImageObject\",\"@id\":\"https:\/\/intek-hifi.com\/intek\/#primaryimage\",\"inLanguage\":\"en-US\",\"url\":\"https:\/\/intek-hifi.com\/wp-content\/uploads\/2020\/07\/intek-logo-250px.jpg\",\"contentUrl\":\"https:\/\/intek-hifi.com\/wp-content\/uploads\/2020\/07\/intek-logo-250px.jpg\",\"width\":250,\"height\":250,\"caption\":\"intek-logo-250px\"},{\"@type\":\"WebPage\",\"@id\":\"https:\/\/intek-hifi.com\/intek\/#webpage\",\"url\":\"https:\/\/intek-hifi.com\/intek\/\",\"name\":\"INTEK - INTEK HI-FI\",\"isPartOf\":{\"@id\":\"https:\/\/intek-hifi.com\/#website\"},\"datePublished\":\"2014-02-02T08:22:38+00:00\",\"dateModified\":\"2025-10-05T18:35:29+00:00\",\"description\":\"Specializirana Hi-FI trgovina, demosalon, svetovanje in projektiranje. Va\\u0161 avdio kontakt za high-end in hi-fi zvo\\u010dnike, gramofone, oja\\u010devalnike & predvajalnike.\",\"breadcrumb\":{\"@id\":\"https:\/\/intek-hifi.com\/intek\/#breadcrumb\"},\"inLanguage\":\"en-US\",\"potentialAction\":[{\"@type\":\"ReadAction\",\"target\":[\"https:\/\/intek-hifi.com\/intek\/\"]}]},{\"@type\":\"BreadcrumbList\",\"@id\":\"https:\/\/intek-hifi.com\/intek\/#breadcrumb\",\"itemListElement\":[{\"@type\":\"ListItem\",\"position\":1,\"name\":\"Home\",\"item\":\"https:\/\/intek-hifi.com\/\"},{\"@type\":\"ListItem\",\"position\":2,\"name\":\"INTEK\"}]}]}<\/script>\n<!-- \/ Yoast SEO plugin. -->","yoast_head_json":{"title":"INTEK - INTEK HI-FI","description":"Specializirana Hi-FI trgovina, demosalon, svetovanje in projektiranje. Va\u0161 avdio kontakt za high-end in hi-fi zvo\u010dnike, gramofone, oja\u010devalnike & predvajalnike.","robots":{"index":"index","follow":"follow","max-snippet":"max-snippet:-1","max-image-preview":"max-image-preview:large","max-video-preview":"max-video-preview:-1"},"canonical":"https:\/\/intek-hifi.com\/en\/intek\/","og_locale":"en_US","og_type":"article","og_title":"INTEK - INTEK HI-FI","og_description":"Specializirana Hi-FI trgovina, demosalon, svetovanje in projektiranje. Va\u0161 avdio kontakt za high-end in hi-fi zvo\u010dnike, gramofone, oja\u010devalnike & predvajalnike.","og_url":"https:\/\/intek-hifi.com\/en\/intek\/","og_site_name":"INTEK HI-FI","article_modified_time":"2025-10-05T18:35:29+00:00","og_image":[{"width":250,"height":250,"url":"https:\/\/intek-hifi.com\/wp-content\/uploads\/2020\/07\/intek-logo-250px.jpg","type":"image\/jpeg"}],"twitter_card":"summary_large_image","twitter_misc":{"Est. reading time":"7 minutes"},"schema":{"@context":"https:\/\/schema.org","@graph":[{"@type":"WebSite","@id":"https:\/\/intek-hifi.com\/#website","url":"https:\/\/intek-hifi.com\/","name":"INTEK HI-FI","description":"","potentialAction":[{"@type":"SearchAction","target":{"@type":"EntryPoint","urlTemplate":"https:\/\/intek-hifi.com\/?s={search_term_string}"},"query-input":"required name=search_term_string"}],"inLanguage":"en-US"},{"@type":"ImageObject","@id":"https:\/\/intek-hifi.com\/intek\/#primaryimage","inLanguage":"en-US","url":"https:\/\/intek-hifi.com\/wp-content\/uploads\/2020\/07\/intek-logo-250px.jpg","contentUrl":"https:\/\/intek-hifi.com\/wp-content\/uploads\/2020\/07\/intek-logo-250px.jpg","width":250,"height":250,"caption":"intek-logo-250px"},{"@type":"WebPage","@id":"https:\/\/intek-hifi.com\/intek\/#webpage","url":"https:\/\/intek-hifi.com\/intek\/","name":"INTEK - INTEK HI-FI","isPartOf":{"@id":"https:\/\/intek-hifi.com\/#website"},"datePublished":"2014-02-02T08:22:38+00:00","dateModified":"2025-10-05T18:35:29+00:00","description":"Specializirana Hi-FI trgovina, demosalon, svetovanje in projektiranje. Va\u0161 avdio kontakt za high-end in hi-fi zvo\u010dnike, gramofone, oja\u010devalnike & predvajalnike.","breadcrumb":{"@id":"https:\/\/intek-hifi.com\/intek\/#breadcrumb"},"inLanguage":"en-US","potentialAction":[{"@type":"ReadAction","target":["https:\/\/intek-hifi.com\/intek\/"]}]},{"@type":"BreadcrumbList","@id":"https:\/\/intek-hifi.com\/intek\/#breadcrumb","itemListElement":[{"@type":"ListItem","position":1,"name":"Home","item":"https:\/\/intek-hifi.com\/"},{"@type":"ListItem","position":2,"name":"INTEK"}]}]}},"_links":{"self":[{"href":"https:\/\/intek-hifi.com\/en\/wp-json\/wp\/v2\/pages\/18859"}],"collection":[{"href":"https:\/\/intek-hifi.com\/en\/wp-json\/wp\/v2\/pages"}],"about":[{"href":"https:\/\/intek-hifi.com\/en\/wp-json\/wp\/v2\/types\/page"}],"author":[{"embeddable":true,"href":"https:\/\/intek-hifi.com\/en\/wp-json\/wp\/v2\/users\/1"}],"replies":[{"embeddable":true,"href":"https:\/\/intek-hifi.com\/en\/wp-json\/wp\/v2\/comments?post=18859"}],"version-history":[{"count":6,"href":"https:\/\/intek-hifi.com\/en\/wp-json\/wp\/v2\/pages\/18859\/revisions"}],"predecessor-version":[{"id":24422,"href":"https:\/\/intek-hifi.com\/en\/wp-json\/wp\/v2\/pages\/18859\/revisions\/24422"}],"wp:attachment":[{"href":"https:\/\/intek-hifi.com\/en\/wp-json\/wp\/v2\/media?parent=18859"}],"curies":[{"name":"wp","href":"https:\/\/api.w.org\/{rel}","templated":true}]}}