{"id":18972,"date":"2014-06-02T12:42:37","date_gmt":"2014-06-02T12:42:37","guid":{"rendered":"http:\/\/demo.select-themes.com\/stockholm19\/?page_id=18972"},"modified":"2025-10-05T19:26:41","modified_gmt":"2025-10-05T18:26:41","slug":"aktualno-predstavitve-in-recenzije-v-svetu-hi-fi-avdia","status":"publish","type":"page","link":"https:\/\/intek-hifi.com\/en\/aktualno\/","title":{"rendered":"TRENDING"},"content":{"rendered":"","protected":false},"excerpt":{"rendered":"","protected":false},"author":1,"featured_media":0,"parent":1815,"menu_order":0,"comment_status":"closed","ping_status":"closed","template":"blog-masonry-full-width.php","meta":[],"yoast_head":"<!-- This site is optimized with the Yoast SEO plugin v17.6 - https:\/\/yoast.com\/wordpress\/plugins\/seo\/ -->\n<title>AKTUALNO - INTEK HI-FI<\/title>\n<meta name=\"description\" content=\"Spremljajte najnovej\u0161e hi-fi &amp; high-end novosti, ekskluzivne predstavitve, recenzije in trende oja\u010devalnikov, zvo\u010dnikov, gramofonov in streamerjev | Intek Hi-Fi\" \/>\n<meta name=\"robots\" content=\"index, follow, max-snippet:-1, max-image-preview:large, max-video-preview:-1\" \/>\n<link rel=\"canonical\" href=\"https:\/\/intek-hifi.com\/en\/aktualno\/\" \/>\n<meta property=\"og:locale\" content=\"en_US\" \/>\n<meta property=\"og:type\" content=\"article\" \/>\n<meta property=\"og:title\" content=\"AKTUALNO - INTEK HI-FI\" \/>\n<meta property=\"og:description\" content=\"Spremljajte najnovej\u0161e hi-fi &amp; high-end novosti, ekskluzivne predstavitve, recenzije in trende oja\u010devalnikov, zvo\u010dnikov, gramofonov in streamerjev | Intek Hi-Fi\" \/>\n<meta property=\"og:url\" content=\"https:\/\/intek-hifi.com\/en\/aktualno\/\" \/>\n<meta property=\"og:site_name\" content=\"INTEK HI-FI\" \/>\n<meta property=\"article:modified_time\" content=\"2025-10-05T18:26:41+00:00\" \/>\n<meta name=\"twitter:card\" content=\"summary_large_image\" \/>\n<script type=\"application\/ld+json\" class=\"yoast-schema-graph\">{\"@context\":\"https:\/\/schema.org\",\"@graph\":[{\"@type\":\"WebSite\",\"@id\":\"https:\/\/intek-hifi.com\/#website\",\"url\":\"https:\/\/intek-hifi.com\/\",\"name\":\"INTEK HI-FI\",\"description\":\"\",\"potentialAction\":[{\"@type\":\"SearchAction\",\"target\":{\"@type\":\"EntryPoint\",\"urlTemplate\":\"https:\/\/intek-hifi.com\/?s={search_term_string}\"},\"query-input\":\"required name=search_term_string\"}],\"inLanguage\":\"en-US\"},{\"@type\":\"WebPage\",\"@id\":\"https:\/\/intek-hifi.com\/aktualno\/#webpage\",\"url\":\"https:\/\/intek-hifi.com\/aktualno\/\",\"name\":\"AKTUALNO - INTEK HI-FI\",\"isPartOf\":{\"@id\":\"https:\/\/intek-hifi.com\/#website\"},\"datePublished\":\"2014-06-02T12:42:37+00:00\",\"dateModified\":\"2025-10-05T18:26:41+00:00\",\"description\":\"Spremljajte najnovej\\u0161e hi-fi & high-end novosti, ekskluzivne predstavitve, recenzije in trende oja\\u010devalnikov, zvo\\u010dnikov, gramofonov in streamerjev | Intek Hi-Fi\",\"breadcrumb\":{\"@id\":\"https:\/\/intek-hifi.com\/aktualno\/#breadcrumb\"},\"inLanguage\":\"en-US\",\"potentialAction\":[{\"@type\":\"ReadAction\",\"target\":[\"https:\/\/intek-hifi.com\/aktualno\/\"]}]},{\"@type\":\"BreadcrumbList\",\"@id\":\"https:\/\/intek-hifi.com\/aktualno\/#breadcrumb\",\"itemListElement\":[{\"@type\":\"ListItem\",\"position\":1,\"name\":\"Home\",\"item\":\"https:\/\/intek-hifi.com\/\"},{\"@type\":\"ListItem\",\"position\":2,\"name\":\"Blog11\",\"item\":\"https:\/\/intek-hifi.com\/blog11\/\"},{\"@type\":\"ListItem\",\"position\":3,\"name\":\"AKTUALNO\"}]}]}<\/script>\n<!-- \/ Yoast SEO plugin. -->","yoast_head_json":{"title":"AKTUALNO - INTEK HI-FI","description":"Spremljajte najnovej\u0161e hi-fi & high-end novosti, ekskluzivne predstavitve, recenzije in trende oja\u010devalnikov, zvo\u010dnikov, gramofonov in streamerjev | Intek Hi-Fi","robots":{"index":"index","follow":"follow","max-snippet":"max-snippet:-1","max-image-preview":"max-image-preview:large","max-video-preview":"max-video-preview:-1"},"canonical":"https:\/\/intek-hifi.com\/en\/aktualno\/","og_locale":"en_US","og_type":"article","og_title":"AKTUALNO - INTEK HI-FI","og_description":"Spremljajte najnovej\u0161e hi-fi & high-end novosti, ekskluzivne predstavitve, recenzije in trende oja\u010devalnikov, zvo\u010dnikov, gramofonov in streamerjev | Intek Hi-Fi","og_url":"https:\/\/intek-hifi.com\/en\/aktualno\/","og_site_name":"INTEK HI-FI","article_modified_time":"2025-10-05T18:26:41+00:00","twitter_card":"summary_large_image","schema":{"@context":"https:\/\/schema.org","@graph":[{"@type":"WebSite","@id":"https:\/\/intek-hifi.com\/#website","url":"https:\/\/intek-hifi.com\/","name":"INTEK HI-FI","description":"","potentialAction":[{"@type":"SearchAction","target":{"@type":"EntryPoint","urlTemplate":"https:\/\/intek-hifi.com\/?s={search_term_string}"},"query-input":"required name=search_term_string"}],"inLanguage":"en-US"},{"@type":"WebPage","@id":"https:\/\/intek-hifi.com\/aktualno\/#webpage","url":"https:\/\/intek-hifi.com\/aktualno\/","name":"AKTUALNO - INTEK HI-FI","isPartOf":{"@id":"https:\/\/intek-hifi.com\/#website"},"datePublished":"2014-06-02T12:42:37+00:00","dateModified":"2025-10-05T18:26:41+00:00","description":"Spremljajte najnovej\u0161e hi-fi & high-end novosti, ekskluzivne predstavitve, recenzije in trende oja\u010devalnikov, zvo\u010dnikov, gramofonov in streamerjev | Intek Hi-Fi","breadcrumb":{"@id":"https:\/\/intek-hifi.com\/aktualno\/#breadcrumb"},"inLanguage":"en-US","potentialAction":[{"@type":"ReadAction","target":["https:\/\/intek-hifi.com\/aktualno\/"]}]},{"@type":"BreadcrumbList","@id":"https:\/\/intek-hifi.com\/aktualno\/#breadcrumb","itemListElement":[{"@type":"ListItem","position":1,"name":"Home","item":"https:\/\/intek-hifi.com\/"},{"@type":"ListItem","position":2,"name":"Blog11","item":"https:\/\/intek-hifi.com\/blog11\/"},{"@type":"ListItem","position":3,"name":"AKTUALNO"}]}]}},"_links":{"self":[{"href":"https:\/\/intek-hifi.com\/en\/wp-json\/wp\/v2\/pages\/18972"}],"collection":[{"href":"https:\/\/intek-hifi.com\/en\/wp-json\/wp\/v2\/pages"}],"about":[{"href":"https:\/\/intek-hifi.com\/en\/wp-json\/wp\/v2\/types\/page"}],"author":[{"embeddable":true,"href":"https:\/\/intek-hifi.com\/en\/wp-json\/wp\/v2\/users\/1"}],"replies":[{"embeddable":true,"href":"https:\/\/intek-hifi.com\/en\/wp-json\/wp\/v2\/comments?post=18972"}],"version-history":[{"count":1,"href":"https:\/\/intek-hifi.com\/en\/wp-json\/wp\/v2\/pages\/18972\/revisions"}],"predecessor-version":[{"id":25104,"href":"https:\/\/intek-hifi.com\/en\/wp-json\/wp\/v2\/pages\/18972\/revisions\/25104"}],"up":[{"embeddable":true,"href":"https:\/\/intek-hifi.com\/en\/wp-json\/wp\/v2\/pages\/1815"}],"wp:attachment":[{"href":"https:\/\/intek-hifi.com\/en\/wp-json\/wp\/v2\/media?parent=18972"}],"curies":[{"name":"wp","href":"https:\/\/api.w.org\/{rel}","templated":true}]}}