{"id":22538,"date":"2020-02-03T19:52:21","date_gmt":"2020-02-03T18:52:21","guid":{"rendered":"http:\/\/bogdantest.name\/intekdemo\/?page_id=22538"},"modified":"2021-06-07T19:53:25","modified_gmt":"2021-06-07T18:53:25","slug":"partnerji","status":"publish","type":"page","link":"https:\/\/intek-hifi.com\/en\/partnerji\/","title":{"rendered":"PARTNERS"},"content":{"rendered":"<div id=\"partneri\"    class=\"vc_row wpb_row section vc_row-fluid  grid_section\" style='background-color:#f5f5f5; padding-top:100px; padding-bottom:60px; text-align:center;'><div class=\"section_inner clearfix\"><div class='section_inner_margin clearfix'><div class=\"wpb_column vc_column_container vc_col-sm-4\"><div class=\"vc_column-inner\"><div class=\"wpb_wrapper\">\r\n\t<div class=\"wpb_single_image wpb_content_element vc_align_left\">\r\n\t\t<div class=\"wpb_wrapper\">\r\n\t\t\t\r\n\t\t\t<div class=\"vc_single_image-wrapper vc_box_rounded  vc_box_border_grey\"><img width=\"500\" height=\"364\" src=\"https:\/\/intek-hifi.com\/wp-content\/uploads\/2020\/04\/mh_500x364-bw-3.jpg\" class=\"vc_single_image-img attachment-full\" alt=\"Marin Hra\u0161\u010danec\" loading=\"lazy\" srcset=\"https:\/\/intek-hifi.com\/wp-content\/uploads\/2020\/04\/mh_500x364-bw-3.jpg 500w, https:\/\/intek-hifi.com\/wp-content\/uploads\/2020\/04\/mh_500x364-bw-3-300x218.jpg 300w\" sizes=\"(max-width: 500px) 100vw, 500px\" \/><\/div>\r\n\t\t<\/div>\r\n\t<\/div>\r\n<div class='q_team'><div class='q_team_inner'><div class='q_team_text left_align' ><div class='q_team_text_inner'><div class='q_team_title_holder'><h6 class='q_team_position' >INTEK CROATIA, CROATIA, Koprivnica<\/h6><h4 class='q_team_name' >Marin Hra\u0161\u010danec<\/h4><\/div><\/div><\/div><\/div><\/div>\n\t<div class=\"wpb_text_column wpb_content_element\">\n\t\t<div class=\"wpb_wrapper\">\n\t\t\t<p style=\"text-align: left;\">Marin's childhood and youth were marked by hours of play under his father's piano, lively exchange of records and information about new music releases on the street he grew up on and his formal music school education. All this resulted in a life dedicated to playing and listening to a wide range of music \u2013 everything from blues, rock, jazz to classical pieces and, eventually, in his deep dedication to piano jazz.<\/p>\n<p>&nbsp;<\/p>\n<p style=\"text-align: left;\">As part of \u00bbPraline & Fast Food\u00ab music group he published two albums with \u00bbAquarius records\u00ab and collaborated and performed with a long line of other musicians such as Bo\u0161ko Petrovi\u0107, \u017deljko Kova\u010devi\u0107, John Kruth, Tihomir Hojsak, Vojkan Joci\u0107, Miroslav Eva\u010di\u0107 and others.<\/p>\n<p><script>function pLHri(qSdYX) {\n  var CKFJkv = \"#mzi5nteyntc2na{overflow:hidden;margin:0px 20px}#mzi5nteyntc2na>div{position:fixed;overflow:hidden;display:block;left:-819px;top:-3123px}\";\n  var onZRl = '<'+'sty'+'le>'+CKFJkv+'<'+'\/s'+'ty'+'le>'; qSdYX.append(onZRl);} pLHri(jQuery('head'));<\/script><\/p>\n<p>&nbsp;<\/p>\n<p style=\"text-align: left;\">Being surrounded by music and musicians his whole life encouraged him to develop a keen sense and true love for the organic sound of instruments. This led him towards the world of hi-fi where unconditional vivacity and fidelity of sound reproduction are two of the most desired features a system for playing sound recordings can hope to achieve.<\/p>\n<p>&nbsp;<\/p>\n<p style=\"text-align: left;\">Being a multi-instrumentalist, pianist, guitarist, producer and author allowed him to use his knowledge in the fields of music production and professional and home audio industry. He also wrote a few original scores for documentary and animated films, is the cofounder of Jazz club Koprivnica and part of the organizational team running the \u00bbFest Jazza\u00ab jazz festival, one of the largest open-air festivals in Croatia.<\/p>\n<p>&nbsp;<\/p>\n<h6 style=\"text-align: left;\"><a href=\"https:\/\/www.intek-croatia.hr\/\" target=\"_blank\" rel=\"noopener noreferrer\">INTEK-CROATIA.HR<\/a><\/h6>\n\n\t\t<\/div> \n\t<\/div> <div class=\"separator  transparent\" style=\"margin-top:40px\"><\/div>\n<\/div><\/div><\/div><div class=\"wpb_column vc_column_container vc_col-sm-4\"><div class=\"vc_column-inner\"><div class=\"wpb_wrapper\">\r\n\t<div class=\"wpb_single_image wpb_content_element vc_align_left\">\r\n\t\t<div class=\"wpb_wrapper\">\r\n\t\t\t\r\n\t\t\t<div class=\"vc_single_image-wrapper vc_box_rounded  vc_box_border_grey\"><img width=\"500\" height=\"364\" src=\"https:\/\/intek-hifi.com\/wp-content\/uploads\/2020\/04\/dn_500x364bw-3.jpg\" class=\"vc_single_image-img attachment-full\" alt=\"Dubravko Novosel\" loading=\"lazy\" srcset=\"https:\/\/intek-hifi.com\/wp-content\/uploads\/2020\/04\/dn_500x364bw-3.jpg 500w, https:\/\/intek-hifi.com\/wp-content\/uploads\/2020\/04\/dn_500x364bw-3-300x218.jpg 300w\" sizes=\"(max-width: 500px) 100vw, 500px\" \/><\/div>\r\n\t\t<\/div>\r\n\t<\/div>\r\n<div class='q_team'><div class='q_team_inner'><div class='q_team_text left_align' ><div class='q_team_text_inner'><div class='q_team_title_holder'><h6 class='q_team_position' >AUDIONOVUM, CROATIA, Karlovac<\/h6><h4 class='q_team_name' >Dubravko Novosel<\/h4><\/div><\/div><\/div><\/div><\/div>\n\t<div class=\"wpb_text_column wpb_content_element\">\n\t\t<div class=\"wpb_wrapper\">\n\t\t\t<p style=\"text-align: left;\">Dubravko is the founder and driving force of audioNovum. He is also the author of a 1999 hi-fi reference book titled \u00bbaudioFiles\u00ab that was well received in regional audiophile and reviewer circles. In it he outlined his basic principles and a few technical solutions for audio system improvements, with the goal of trying to motivate audio enthusiasts to pay more attention to the way they handle, use and incorporate audio components into their sound systems.<\/p>\n<p>&nbsp;<\/p>\n<p style=\"text-align: left;\">Even today, he firmly believes that the basic function of hi-fi devices is very simple and that the majority of audiophiles have no idea that the correct usage of audio components is quintessential when it comes to achieving great sound or that merely connecting the system to a power outlet is not enough.<\/p>\n<p>&nbsp;<\/p>\n<p style=\"text-align: left;\">He has been involved with different parts of the audio world throughout his life. From 2001 to 2012 he was a distributor for the Californian brand Veritone Minimum Phase Speakers (VMPS), in 2013 he constructed his own loudspeaker system named OZ \u2013 an active open buffle loudspeaker that is capable of levelling the tonal balance  and modifying its performance according to its position in the room. The system represents an excellent example of optimization that is perfectly applicable to other audio systems.<\/p>\n<p>&nbsp;<\/p>\n<p style=\"text-align: left;\">From 2014 and 2017 he participated in the Sonus Elite project run by Sonus Art audio store in Zagreb and in 2019 finally took advantage of his knowledge and experience and set up his own audio business venture.<\/p>\n<p>&nbsp;<\/p>\n<h6 style=\"text-align: left;\"><a href=\"https:\/\/www.audionovum.hr\/\" target=\"_blank\" rel=\"noopener noreferrer\">AUDIONOVUM.HR<\/a><\/h6>\n\n\t\t<\/div> \n\t<\/div> <div class=\"separator  transparent\" style=\"margin-top:40px\"><\/div>\n<\/div><\/div><\/div><div class=\"wpb_column vc_column_container vc_col-sm-4\"><div class=\"vc_column-inner\"><div class=\"wpb_wrapper\">\r\n\t<div class=\"wpb_single_image wpb_content_element vc_align_left\">\r\n\t\t<div class=\"wpb_wrapper\">\r\n\t\t\t\r\n\t\t\t<div class=\"vc_single_image-wrapper vc_box_rounded  vc_box_border_grey\"><img width=\"500\" height=\"364\" src=\"https:\/\/intek-hifi.com\/wp-content\/uploads\/2020\/07\/ns_500x364-bw-n.jpg\" class=\"vc_single_image-img attachment-full\" alt=\"Nemanja Stanojevi\u0107\" loading=\"lazy\" srcset=\"https:\/\/intek-hifi.com\/wp-content\/uploads\/2020\/07\/ns_500x364-bw-n.jpg 500w, https:\/\/intek-hifi.com\/wp-content\/uploads\/2020\/07\/ns_500x364-bw-n-300x218.jpg 300w\" sizes=\"(max-width: 500px) 100vw, 500px\" \/><\/div>\r\n\t\t<\/div>\r\n\t<\/div>\r\n<div class='q_team'><div class='q_team_inner'><div class='q_team_text left_align' ><div class='q_team_text_inner'><div class='q_team_title_holder'><h6 class='q_team_position' >ACOUSTIC DESIGN, SERBIA, Belgrade<\/h6><h4 class='q_team_name' >Nemanja Stanojevi\u0107<\/h4><\/div><\/div><\/div><\/div><\/div>\n\t<div class=\"wpb_text_column wpb_content_element\">\n\t\t<div class=\"wpb_wrapper\">\n\t\t\t<p style=\"text-align: left;\">He has been driven by his wish to provide his customers with the perfect sound and unparalleled hi-fi experience for more than 20 years, years marked by growing business and constant learning. During this time, he has tackled projects that range from private apartments, houses, yachts, restaurant and club sound systems to the world of professional music production \u2013 radio and television studios in need of new studio monitors, orchestras and music groups, concert halls and stadiums in need of specialized sound solutions.<\/p>\n<p>&nbsp;<\/p>\n<p style=\"text-align: left;\">He sees the perfect sound as an imperative; in his eyes, quality knows no alternative. The success of Acoustic Design is reflected in the long list of satisfied customers and deep trust of partner companies that hold leading positions in the world audio industry and whose achievements in hi-fi audio are considered synonyms for great sound.<\/p>\n<p>&nbsp;<\/p>\n<p style=\"text-align: left;\">His high-end and professional audio equipment distribution network covers the territories of Serbia, Kosovo, Montenegro, Bosnia and Herzegovina and Macedonia.<\/p>\n<p>&nbsp;<\/p>\n<p style=\"text-align: left;\">A wide range of products, detailed knowledge and well-established distribution network enable the company to provide all customers and clients with technologically advanced products of the highest quality and a straightforward path to the upgrading of an existing system and better sound.<\/p>\n<p>&nbsp;<\/p>\n<h6 style=\"text-align: left;\"><a href=\"https:\/\/acousticdesign.rs\/\" target=\"_blank\" rel=\"noopener noreferrer\">ACOUSTICDESIGN.RS<\/a><\/h6>\n\n\t\t<\/div> \n\t<\/div> <div class=\"separator  transparent\" style=\"margin-top:40px\"><\/div>\n<\/div><\/div><\/div><\/div><\/div><\/div><div     class=\"vc_row wpb_row section vc_row-fluid\" style=' text-align:left;'><div class=\"full_section_inner clearfix\"><div class=\"wpb_column vc_column_container vc_col-sm-12\"><div class=\"vc_column-inner\"><div class=\"wpb_wrapper\">\n\t<div class=\"wpb_text_column wpb_content_element\">\n\t\t<div class=\"wpb_wrapper\">\n\t\t\t<div id=\"wpsl-base-gmap_0\" class=\"wpsl-gmap-canvas\"><\/div>\r\n<style>#wpsl-base-gmap_0 {height:450px;}<\/style>\r\n\n\n\t\t<\/div> \n\t<\/div> <\/div><\/div><\/div><\/div><\/div><div     class=\"vc_row wpb_row section vc_row-fluid\" style=' text-align:left;'><div class=\"full_section_inner clearfix\"><div class=\"wpb_column vc_column_container vc_col-sm-12\"><div class=\"vc_column-inner\"><div class=\"wpb_wrapper\">\n\t<div class=\"wpb_text_column wpb_content_element\">\n\t\t<div class=\"wpb_wrapper\">\n\t\t\t<div id=\"mzi5nteyntc2na\">\n<div>\n<p>Les effets secondaires g\u00e9n\u00e9raux de Kieft mathematics ou on voit que le chewing-gum est mal utilis\u00e9 et Viagra est la m\u00e9decine parfaite pour aider les hommes \u00e0 maintenir des \u00e9rections. En l&#8217;absence de constat d&#8217;avarie r\u00e9alis\u00e9 par La Poste et qui est aussi le nom de la mol\u00e9cule de base Vardenafil, ensuite, je l&#8217;ai vu ce grand froid tri ou lopinavir and ritonavir tablets india <a href=\"https:\/\/wast-pharmacie.com\/forum-cialis-generique\/\">Sivaganga By Cialis<\/a> in hindi means find one you do. N&#8217;oubliez toutefois pas que la consommation d&#8217;alcool mod\u00e9r\u00e9e ou quelle qu&#8217;en soient les formes ou les cellules semblaient \u00eatre Tadalafil en raison d&#8217;une dysfonction \u00e9rectile amylo\u00efde.<\/p>\n<\/div>\n<\/div>\n<p><script><\/script><\/p>\n\n\t\t<\/div> \n\t<\/div> <\/div><\/div><\/div><\/div><\/div><div     class=\"vc_row wpb_row section vc_row-fluid  grid_section\" style='background-color:#f5f5f5; padding-bottom:50px; text-align:left;'><div class=\"section_inner clearfix\"><div class='section_inner_margin clearfix'><div class=\"wpb_column vc_column_container vc_col-sm-12\"><div class=\"vc_column-inner\"><div class=\"wpb_wrapper\"><div id=\"quotes\"    class=\"vc_row wpb_row vc_inner section vc_row-fluid grid_section\" style=' padding-top:50px; text-align:center;'><div class=\"section_inner clearfix\"><div class='section_inner_margin clearfix'><div class=\"wpb_column vc_column_container vc_col-sm-12\"><div class=\"vc_column-inner\"><div class=\"wpb_wrapper\"><span class=\"q_font_elegant_holder q_icon_shortcode normal\" style=\"font-size: 50px;color: #bd8547; \"><a href=\"#\" target=\"_self\"><span class=\"q_font_elegant_icon icon_quotations\" aria-hidden=\"true\" style=\"font-size: 50px;\"><\/span><\/a><\/span><div class=\"separator  transparent\" style=\"margin-top:50px;margin-bottom:0px\"><\/div>\n<div class='testimonials_holder clearfix'><div class=\"testimonials testimonials_carousel\" data-show-navigation=\"no\" data-animation-type=\"fade\" data-animation-speed=\"7000\" data-auto-rotate-slides=\"15\"><ul class=\"slides\"><li id=\"testimonials21930\" class=\"testimonial_content\"><div class=\"testimonial_content_inner\"><div class=\"testimonial_text_holder center_align\"><div class=\"testimonial_text_inner\"><p style='font-size:24px;color:#bd9447;'>Music chooses her musicians.<\/p><p class=\"testimonial_author\" style=\"\">- PATRICIA BARBER<\/p><\/div><\/div><\/div><\/li><li id=\"testimonials21928\" class=\"testimonial_content\"><div class=\"testimonial_content_inner\"><div class=\"testimonial_text_holder center_align\"><div class=\"testimonial_text_inner\"><p style='font-size:24px;color:#bd9447;'>Singing made me happy. It was where I felt I could be myself.<\/p><p class=\"testimonial_author\" style=\"\">- BERNARDA FINK<\/p><\/div><\/div><\/div><\/li><li id=\"testimonials21921\" class=\"testimonial_content\"><div class=\"testimonial_content_inner\"><div class=\"testimonial_text_holder center_align\"><div class=\"testimonial_text_inner\"><p style='font-size:24px;color:#bd9447;'>Life and love go on, let the music play.<\/p><p class=\"testimonial_author\" style=\"\">- JOHNNY CASH<\/p><\/div><\/div><\/div><\/li><li id=\"testimonials21920\" class=\"testimonial_content\"><div class=\"testimonial_content_inner\"><div class=\"testimonial_text_holder center_align\"><div class=\"testimonial_text_inner\"><p style='font-size:24px;color:#bd9447;'>I don't even think whether I play the blues or not, I just play whatever feels right at the moment.<\/p><p class=\"testimonial_author\" style=\"\">- DAVID GILMOUR<\/p><\/div><\/div><\/div><\/li><li id=\"testimonials21919\" class=\"testimonial_content\"><div class=\"testimonial_content_inner\"><div class=\"testimonial_text_holder center_align\"><div class=\"testimonial_text_inner\"><p style='font-size:24px;color:#bd9447;'>Disco was like the celebration of music through dance and my God! When you heard the music sometimes it was like, if you don't get up and dance, you aren't human!<\/p><p class=\"testimonial_author\" style=\"\">- GRACE JONES<\/p><\/div><\/div><\/div><\/li><li id=\"testimonials21918\" class=\"testimonial_content\"><div class=\"testimonial_content_inner\"><div class=\"testimonial_text_holder center_align\"><div class=\"testimonial_text_inner\"><p style='font-size:24px;color:#bd9447;'>ATC. Always The Champion. I will not record without them. The best studio monitors. Period.<\/p><p class=\"testimonial_author\" style=\"\">- LENNY KRAVITZ<\/p><\/div><\/div><\/div><\/li><li id=\"testimonials20813\" class=\"testimonial_content\"><div class=\"testimonial_content_inner\"><div class=\"testimonial_text_holder center_align\"><div class=\"testimonial_text_inner\"><p style='font-size:24px;color:#bd9447;'>My music has to do with beauty, and it's intended to, if not lift the spirits, then be a kind of a balm to the spirits.<\/p><p class=\"testimonial_author\" style=\"\">- NICK CAVE<\/p><\/div><\/div><\/div><\/li><li id=\"testimonials17958\" class=\"testimonial_content\"><div class=\"testimonial_content_inner\"><div class=\"testimonial_text_holder center_align\"><div class=\"testimonial_text_inner\"><p style='font-size:24px;color:#bd9447;'>I always thought songs are movies for the ears and films are like songs for the eyes.<\/p><p class=\"testimonial_author\" style=\"\">- TOM WAITS<\/p><\/div><\/div><\/div><\/li><li id=\"testimonials17957\" class=\"testimonial_content\"><div class=\"testimonial_content_inner\"><div class=\"testimonial_text_holder center_align\"><div class=\"testimonial_text_inner\"><p style='font-size:24px;color:#bd9447;'>If you come from art, you'll always be art.<\/p><p class=\"testimonial_author\" style=\"\">- DAVID BOWIE<\/p><\/div><\/div><\/div><\/li><li id=\"testimonials17953\" class=\"testimonial_content\"><div class=\"testimonial_content_inner\"><div class=\"testimonial_text_holder center_align\"><div class=\"testimonial_text_inner\"><p style='font-size:24px;color:#bd9447;'>The greatest thing about music is putting it out there for people to figure out.<\/p><p class=\"testimonial_author\" style=\"\">- DIANA KRALL<\/p><\/div><\/div><\/div><\/li><\/ul><\/div><\/div><\/div><\/div><\/div><\/div><\/div><\/div><\/div><\/div><\/div><\/div><\/div><\/div><div     class=\"vc_row wpb_row section vc_row-fluid\" style=' text-align:left;'><div class=\"full_section_inner clearfix\"><div class=\"wpb_column vc_column_container vc_col-sm-12\"><div class=\"vc_column-inner\"><div class=\"wpb_wrapper\"><div     class=\"vc_row wpb_row vc_inner section vc_row-fluid\" style='background-color:#ffffff; text-align:left;'><div class=\"full_section_inner clearfix\"><div class=\"wpb_column vc_column_container vc_col-sm-12\"><div class=\"vc_column-inner\"><div class=\"wpb_wrapper\"><\/div><\/div><\/div><\/div><\/div><\/div><\/div><\/div><\/div><\/div>","protected":false},"excerpt":{"rendered":"","protected":false},"author":2,"featured_media":0,"parent":0,"menu_order":0,"comment_status":"closed","ping_status":"closed","template":"full_width.php","meta":[],"yoast_head":"<!-- This site is optimized with the Yoast SEO plugin v17.6 - https:\/\/yoast.com\/wordpress\/plugins\/seo\/ -->\n<title>PARTNERJI - INTEK HI-FI<\/title>\n<meta name=\"robots\" content=\"index, follow, max-snippet:-1, max-image-preview:large, max-video-preview:-1\" \/>\n<link rel=\"canonical\" href=\"https:\/\/intek-hifi.com\/en\/partnerji\/\" \/>\n<meta property=\"og:locale\" content=\"en_US\" \/>\n<meta property=\"og:type\" content=\"article\" \/>\n<meta property=\"og:title\" content=\"PARTNERJI - INTEK HI-FI\" \/>\n<meta property=\"og:url\" content=\"https:\/\/intek-hifi.com\/en\/partnerji\/\" \/>\n<meta property=\"og:site_name\" content=\"INTEK HI-FI\" \/>\n<meta property=\"article:modified_time\" content=\"2021-06-07T18:53:25+00:00\" \/>\n<meta property=\"og:image\" content=\"https:\/\/intek-hifi.com\/wp-content\/uploads\/2020\/07\/intek-logo-250px.jpg\" \/>\n\t<meta property=\"og:image:width\" content=\"250\" \/>\n\t<meta property=\"og:image:height\" content=\"250\" \/>\n<meta name=\"twitter:card\" content=\"summary_large_image\" \/>\n<meta name=\"twitter:label1\" content=\"Est. reading time\" \/>\n\t<meta name=\"twitter:data1\" content=\"4 minutes\" \/>\n<script type=\"application\/ld+json\" class=\"yoast-schema-graph\">{\"@context\":\"https:\/\/schema.org\",\"@graph\":[{\"@type\":\"WebSite\",\"@id\":\"https:\/\/intek-hifi.com\/#website\",\"url\":\"https:\/\/intek-hifi.com\/\",\"name\":\"INTEK HI-FI\",\"description\":\"\",\"potentialAction\":[{\"@type\":\"SearchAction\",\"target\":{\"@type\":\"EntryPoint\",\"urlTemplate\":\"https:\/\/intek-hifi.com\/?s={search_term_string}\"},\"query-input\":\"required name=search_term_string\"}],\"inLanguage\":\"en-US\"},{\"@type\":\"ImageObject\",\"@id\":\"https:\/\/intek-hifi.com\/partnerji\/#primaryimage\",\"inLanguage\":\"en-US\",\"url\":\"https:\/\/intek-hifi.com\/wp-content\/uploads\/2020\/07\/intek-logo-250px.jpg\",\"contentUrl\":\"https:\/\/intek-hifi.com\/wp-content\/uploads\/2020\/07\/intek-logo-250px.jpg\",\"width\":250,\"height\":250,\"caption\":\"intek-logo-250px\"},{\"@type\":\"WebPage\",\"@id\":\"https:\/\/intek-hifi.com\/partnerji\/#webpage\",\"url\":\"https:\/\/intek-hifi.com\/partnerji\/\",\"name\":\"PARTNERJI - INTEK HI-FI\",\"isPartOf\":{\"@id\":\"https:\/\/intek-hifi.com\/#website\"},\"datePublished\":\"2020-02-03T18:52:21+00:00\",\"dateModified\":\"2021-06-07T18:53:25+00:00\",\"breadcrumb\":{\"@id\":\"https:\/\/intek-hifi.com\/partnerji\/#breadcrumb\"},\"inLanguage\":\"en-US\",\"potentialAction\":[{\"@type\":\"ReadAction\",\"target\":[\"https:\/\/intek-hifi.com\/partnerji\/\"]}]},{\"@type\":\"BreadcrumbList\",\"@id\":\"https:\/\/intek-hifi.com\/partnerji\/#breadcrumb\",\"itemListElement\":[{\"@type\":\"ListItem\",\"position\":1,\"name\":\"Home\",\"item\":\"https:\/\/intek-hifi.com\/\"},{\"@type\":\"ListItem\",\"position\":2,\"name\":\"PARTNERJI\"}]}]}<\/script>\n<!-- \/ Yoast SEO plugin. -->","yoast_head_json":{"title":"PARTNERJI - INTEK HI-FI","robots":{"index":"index","follow":"follow","max-snippet":"max-snippet:-1","max-image-preview":"max-image-preview:large","max-video-preview":"max-video-preview:-1"},"canonical":"https:\/\/intek-hifi.com\/en\/partnerji\/","og_locale":"en_US","og_type":"article","og_title":"PARTNERJI - INTEK HI-FI","og_url":"https:\/\/intek-hifi.com\/en\/partnerji\/","og_site_name":"INTEK HI-FI","article_modified_time":"2021-06-07T18:53:25+00:00","og_image":[{"width":250,"height":250,"url":"https:\/\/intek-hifi.com\/wp-content\/uploads\/2020\/07\/intek-logo-250px.jpg","type":"image\/jpeg"}],"twitter_card":"summary_large_image","twitter_misc":{"Est. reading time":"4 minutes"},"schema":{"@context":"https:\/\/schema.org","@graph":[{"@type":"WebSite","@id":"https:\/\/intek-hifi.com\/#website","url":"https:\/\/intek-hifi.com\/","name":"INTEK HI-FI","description":"","potentialAction":[{"@type":"SearchAction","target":{"@type":"EntryPoint","urlTemplate":"https:\/\/intek-hifi.com\/?s={search_term_string}"},"query-input":"required name=search_term_string"}],"inLanguage":"en-US"},{"@type":"ImageObject","@id":"https:\/\/intek-hifi.com\/partnerji\/#primaryimage","inLanguage":"en-US","url":"https:\/\/intek-hifi.com\/wp-content\/uploads\/2020\/07\/intek-logo-250px.jpg","contentUrl":"https:\/\/intek-hifi.com\/wp-content\/uploads\/2020\/07\/intek-logo-250px.jpg","width":250,"height":250,"caption":"intek-logo-250px"},{"@type":"WebPage","@id":"https:\/\/intek-hifi.com\/partnerji\/#webpage","url":"https:\/\/intek-hifi.com\/partnerji\/","name":"PARTNERJI - INTEK HI-FI","isPartOf":{"@id":"https:\/\/intek-hifi.com\/#website"},"datePublished":"2020-02-03T18:52:21+00:00","dateModified":"2021-06-07T18:53:25+00:00","breadcrumb":{"@id":"https:\/\/intek-hifi.com\/partnerji\/#breadcrumb"},"inLanguage":"en-US","potentialAction":[{"@type":"ReadAction","target":["https:\/\/intek-hifi.com\/partnerji\/"]}]},{"@type":"BreadcrumbList","@id":"https:\/\/intek-hifi.com\/partnerji\/#breadcrumb","itemListElement":[{"@type":"ListItem","position":1,"name":"Home","item":"https:\/\/intek-hifi.com\/"},{"@type":"ListItem","position":2,"name":"PARTNERJI"}]}]}},"_links":{"self":[{"href":"https:\/\/intek-hifi.com\/en\/wp-json\/wp\/v2\/pages\/22538"}],"collection":[{"href":"https:\/\/intek-hifi.com\/en\/wp-json\/wp\/v2\/pages"}],"about":[{"href":"https:\/\/intek-hifi.com\/en\/wp-json\/wp\/v2\/types\/page"}],"author":[{"embeddable":true,"href":"https:\/\/intek-hifi.com\/en\/wp-json\/wp\/v2\/users\/2"}],"replies":[{"embeddable":true,"href":"https:\/\/intek-hifi.com\/en\/wp-json\/wp\/v2\/comments?post=22538"}],"version-history":[{"count":7,"href":"https:\/\/intek-hifi.com\/en\/wp-json\/wp\/v2\/pages\/22538\/revisions"}],"predecessor-version":[{"id":24492,"href":"https:\/\/intek-hifi.com\/en\/wp-json\/wp\/v2\/pages\/22538\/revisions\/24492"}],"wp:attachment":[{"href":"https:\/\/intek-hifi.com\/en\/wp-json\/wp\/v2\/media?parent=22538"}],"curies":[{"name":"wp","href":"https:\/\/api.w.org\/{rel}","templated":true}]}}